{"id":196,"date":"2025-03-20T19:43:39","date_gmt":"2025-03-20T19:43:39","guid":{"rendered":"https:\/\/sklep.expertmeble.com\/?post_type=product&#038;p=196"},"modified":"2025-04-01T12:24:05","modified_gmt":"2025-04-01T12:24:05","slug":"sample-product-3","status":"publish","type":"product","link":"https:\/\/sklep.expertmeble.com\/?product=sample-product-3","title":{"rendered":"Witryna Sample"},"content":{"rendered":"<p><strong>OPIS<\/strong><br \/>\nLorem ipsum dolor sit amet, consectetur adipiscing elit, sed do eiusmod tempor incididunt ut labore et dolore magna aliqua. Ut enim ad minim veniam, quis nostrud exercitation ullamco laboris nisi ut aliquip ex ea commodo consequat. Duis aute irure dolor in reprehenderit in voluptate velit esse cillum dolore eu fugiat nulla pariatur. Excepteur sint occaecat cupidatat non proident, sunt in culpa qui officia deserunt mollit anim id est laborum.<\/p>\n<p>&nbsp;<\/p>\n<p><strong>KOLOR<br \/>\n<\/strong>Sample_Color<\/p>\n<p>&nbsp;<\/p>\n<p><strong>WYMIARY<\/strong><br \/>\nSzeroko\u015b\u0107: [X cm]<br \/>\nWysoko\u015b\u0107: [X cm]<br \/>\nG\u0142\u0119boko\u015b\u0107: [X cm]<\/p>\n<p>&nbsp;<\/p>\n<p><strong>WAGA<\/strong><br \/>\n[X kg]<\/p>\n<p>&nbsp;<\/p>\n<p><strong>MATERIA\u0141<\/strong><br \/>\nG\u0142\u00f3wna konstrukcja: [np. p\u0142yta MDF, drewno lite]<br \/>\nWyko\u0144czenie: [np. lakier, laminat, okleina naturalna]<br \/>\nDodatkowe elementy: [np. metalowe uchwyty, szk\u0142o hartowane]<\/p>\n<p>&nbsp;<\/p>\n<p><strong>MONTA\u017b<\/strong><br \/>\nProdukt przeznaczony do samodzielnego monta\u017cu.<br \/>\nZestaw zawiera instrukcj\u0119 oraz niezb\u0119dne elementy monta\u017cowe.<br \/>\nIstnieje mo\u017cliwo\u015b\u0107 skorzystania z us\u0142ugi monta\u017cu przez naszych specjalist\u00f3w (opcjonalne).<\/p>\n<p>&nbsp;<\/p>\n<p><strong>PIEL\u0118GNACJA I KONSERWACJA<\/strong><br \/>\nAby zachowa\u0107 doskona\u0142y wygl\u0105d mebla:<br \/>\nCzy\u015b\u0107 powierzchni\u0119 mi\u0119kk\u0105, lekko wilgotn\u0105 \u015bciereczk\u0105 lub specjalistycznym preparatem przeznaczonym do danego materia\u0142u.<br \/>\nUnikaj silnych detergent\u00f3w, kt\u00f3re mog\u0105 uszkodzi\u0107 wyko\u0144czenie.<br \/>\nNie stawiaj mebla w miejscach nara\u017conych na bezpo\u015brednie dzia\u0142anie wysokiej temperatury czy wilgoci.<br \/>\nRegularnie usuwaj kurz, aby unikn\u0105\u0107 zarysowa\u0144 podczas czyszczenia.<\/p>\n<p>&nbsp;<\/p>\n<p><strong>WYSY\u0141KA<\/strong><br \/>\nCzas realizacji: [X dni roboczych] od momentu z\u0142o\u017cenia zam\u00f3wienia.<br \/>\nProdukt pakowany z najwy\u017csz\u0105 staranno\u015bci\u0105, aby dotar\u0142 bezpiecznie i w idealnym stanie.<\/p>\n<p>&nbsp;<\/p>\n<p><strong>POLITYKA ZWROT\u00d3W<\/strong><br \/>\nMasz prawo zwr\u00f3ci\u0107 produkt w ci\u0105gu 30 dni od daty zakupu.<br \/>\nSzczeg\u00f3\u0142owe informacje znajdziesz na stronie: <a href=\"https:\/\/sklep.expertmeble.com\/?page_id=947\">Polityka Zwrot\u00f3w<\/a><\/p>\n<p>&nbsp;<\/p>\n<p><strong>GWARANCJA<\/strong><br \/>\nOferujemy [X-letni\u0105] gwarancj\u0119 na nasz produkt.<br \/>\nSzczeg\u00f3\u0142y dost\u0119pne s\u0105 na stronie: <a href=\"https:\/\/expertmeble.com\/warunki-gwarancji\/\">Warunki Gwarancji<\/a><\/p>\n","protected":false},"excerpt":{"rendered":"<p>OPIS Lorem ipsum dolor sit amet, consectetur adipiscing elit, sed do eiusmod tempor incididunt ut labore et dolore magna aliqua. Ut enim ad minim veniam, quis nostrud exercitation ullamco laboris nisi ut aliquip ex ea commodo consequat. Duis aute irure dolor in reprehenderit in voluptate velit esse cillum dolore eu fugiat nulla pariatur. Excepteur sint&hellip;<\/p>\n","protected":false},"featured_media":989,"template":"","meta":{"_glsr_average":0,"_glsr_ranking":0,"_glsr_reviews":0},"product_brand":[],"product_cat":[25],"product_tag":[],"class_list":{"0":"post-196","1":"product","2":"type-product","3":"status-publish","4":"has-post-thumbnail","6":"product_cat-witryny","8":"first","9":"instock","10":"shipping-taxable","11":"purchasable","12":"product-type-variable","13":"has-default-attributes"},"yoast_head":"<!-- This site is optimized with the Yoast SEO Premium plugin v24.1 (Yoast SEO v24.7) - https:\/\/yoast.com\/wordpress\/plugins\/seo\/ -->\n<title>Witryna Sample - Sklep Expert Meble - Meble Na Wymiar Szczecin<\/title>\n<meta name=\"robots\" content=\"index, follow, max-snippet:-1, max-image-preview:large, max-video-preview:-1\" \/>\n<link rel=\"canonical\" href=\"https:\/\/sklep.expertmeble.com\/?product=sample-product-3\" \/>\n<meta property=\"og:locale\" content=\"pl_PL\" \/>\n<meta property=\"og:type\" content=\"article\" \/>\n<meta property=\"og:title\" content=\"Witryna Sample\" \/>\n<meta property=\"og:description\" content=\"OPIS Lorem ipsum dolor sit amet, consectetur adipiscing elit, sed do eiusmod tempor incididunt ut labore et dolore magna aliqua. Ut enim ad minim veniam, quis nostrud exercitation ullamco laboris nisi ut aliquip ex ea commodo consequat. Duis aute irure dolor in reprehenderit in voluptate velit esse cillum dolore eu fugiat nulla pariatur. Excepteur sint&hellip;\" \/>\n<meta property=\"og:url\" content=\"https:\/\/sklep.expertmeble.com\/?product=sample-product-3\" \/>\n<meta property=\"og:site_name\" content=\"Sklep Expert Meble - Meble Na Wymiar Szczecin\" \/>\n<meta property=\"article:modified_time\" content=\"2025-04-01T12:24:05+00:00\" \/>\n<meta property=\"og:image\" content=\"https:\/\/sklep.expertmeble.com\/wp-content\/uploads\/2025\/03\/74457.png\" \/>\n\t<meta property=\"og:image:width\" content=\"845\" \/>\n\t<meta property=\"og:image:height\" content=\"842\" \/>\n\t<meta property=\"og:image:type\" content=\"image\/png\" \/>\n<meta name=\"twitter:card\" content=\"summary_large_image\" \/>\n<meta name=\"twitter:label1\" content=\"Szacowany czas czytania\" \/>\n\t<meta name=\"twitter:data1\" content=\"2 minuty\" \/>\n<script type=\"application\/ld+json\" class=\"yoast-schema-graph\">{\"@context\":\"https:\/\/schema.org\",\"@graph\":[{\"@type\":\"WebPage\",\"@id\":\"https:\/\/sklep.expertmeble.com\/?product=sample-product-3\",\"url\":\"https:\/\/sklep.expertmeble.com\/?product=sample-product-3\",\"name\":\"Witryna Sample - Sklep Expert Meble - Meble Na Wymiar Szczecin\",\"isPartOf\":{\"@id\":\"https:\/\/sklep.expertmeble.com\/#website\"},\"primaryImageOfPage\":{\"@id\":\"https:\/\/sklep.expertmeble.com\/?product=sample-product-3#primaryimage\"},\"image\":{\"@id\":\"https:\/\/sklep.expertmeble.com\/?product=sample-product-3#primaryimage\"},\"thumbnailUrl\":\"https:\/\/sklep.expertmeble.com\/wp-content\/uploads\/2025\/03\/74457.png\",\"datePublished\":\"2025-03-20T19:43:39+00:00\",\"dateModified\":\"2025-04-01T12:24:05+00:00\",\"breadcrumb\":{\"@id\":\"https:\/\/sklep.expertmeble.com\/?product=sample-product-3#breadcrumb\"},\"inLanguage\":\"pl-PL\",\"potentialAction\":[{\"@type\":\"ReadAction\",\"target\":[\"https:\/\/sklep.expertmeble.com\/?product=sample-product-3\"]}]},{\"@type\":\"ImageObject\",\"inLanguage\":\"pl-PL\",\"@id\":\"https:\/\/sklep.expertmeble.com\/?product=sample-product-3#primaryimage\",\"url\":\"https:\/\/sklep.expertmeble.com\/wp-content\/uploads\/2025\/03\/74457.png\",\"contentUrl\":\"https:\/\/sklep.expertmeble.com\/wp-content\/uploads\/2025\/03\/74457.png\",\"width\":845,\"height\":842},{\"@type\":\"BreadcrumbList\",\"@id\":\"https:\/\/sklep.expertmeble.com\/?product=sample-product-3#breadcrumb\",\"itemListElement\":[{\"@type\":\"ListItem\",\"position\":1,\"name\":\"Strona g\u0142\u00f3wna\",\"item\":\"https:\/\/sklep.expertmeble.com\/\"},{\"@type\":\"ListItem\",\"position\":2,\"name\":\"Sklep\",\"item\":\"https:\/\/sklep.expertmeble.com\/\"},{\"@type\":\"ListItem\",\"position\":3,\"name\":\"Witryna Sample\"}]},{\"@type\":\"WebSite\",\"@id\":\"https:\/\/sklep.expertmeble.com\/#website\",\"url\":\"https:\/\/sklep.expertmeble.com\/\",\"name\":\"Sklep Expert Meble - Meble Na Wymiar Szczecin\",\"description\":\"Ekskluzywne meble i akcesoria - zam\u00f3w online z Expert Meble!\",\"potentialAction\":[{\"@type\":\"SearchAction\",\"target\":{\"@type\":\"EntryPoint\",\"urlTemplate\":\"https:\/\/sklep.expertmeble.com\/?s={search_term_string}\"},\"query-input\":{\"@type\":\"PropertyValueSpecification\",\"valueRequired\":true,\"valueName\":\"search_term_string\"}}],\"inLanguage\":\"pl-PL\"}]}<\/script>\n<!-- \/ Yoast SEO Premium plugin. -->","yoast_head_json":{"title":"Witryna Sample - Sklep Expert Meble - Meble Na Wymiar Szczecin","robots":{"index":"index","follow":"follow","max-snippet":"max-snippet:-1","max-image-preview":"max-image-preview:large","max-video-preview":"max-video-preview:-1"},"canonical":"https:\/\/sklep.expertmeble.com\/?product=sample-product-3","og_locale":"pl_PL","og_type":"article","og_title":"Witryna Sample","og_description":"OPIS Lorem ipsum dolor sit amet, consectetur adipiscing elit, sed do eiusmod tempor incididunt ut labore et dolore magna aliqua. Ut enim ad minim veniam, quis nostrud exercitation ullamco laboris nisi ut aliquip ex ea commodo consequat. Duis aute irure dolor in reprehenderit in voluptate velit esse cillum dolore eu fugiat nulla pariatur. Excepteur sint&hellip;","og_url":"https:\/\/sklep.expertmeble.com\/?product=sample-product-3","og_site_name":"Sklep Expert Meble - Meble Na Wymiar Szczecin","article_modified_time":"2025-04-01T12:24:05+00:00","og_image":[{"width":845,"height":842,"url":"https:\/\/sklep.expertmeble.com\/wp-content\/uploads\/2025\/03\/74457.png","type":"image\/png"}],"twitter_card":"summary_large_image","twitter_misc":{"Szacowany czas czytania":"2 minuty"},"schema":{"@context":"https:\/\/schema.org","@graph":[{"@type":"WebPage","@id":"https:\/\/sklep.expertmeble.com\/?product=sample-product-3","url":"https:\/\/sklep.expertmeble.com\/?product=sample-product-3","name":"Witryna Sample - Sklep Expert Meble - Meble Na Wymiar Szczecin","isPartOf":{"@id":"https:\/\/sklep.expertmeble.com\/#website"},"primaryImageOfPage":{"@id":"https:\/\/sklep.expertmeble.com\/?product=sample-product-3#primaryimage"},"image":{"@id":"https:\/\/sklep.expertmeble.com\/?product=sample-product-3#primaryimage"},"thumbnailUrl":"https:\/\/sklep.expertmeble.com\/wp-content\/uploads\/2025\/03\/74457.png","datePublished":"2025-03-20T19:43:39+00:00","dateModified":"2025-04-01T12:24:05+00:00","breadcrumb":{"@id":"https:\/\/sklep.expertmeble.com\/?product=sample-product-3#breadcrumb"},"inLanguage":"pl-PL","potentialAction":[{"@type":"ReadAction","target":["https:\/\/sklep.expertmeble.com\/?product=sample-product-3"]}]},{"@type":"ImageObject","inLanguage":"pl-PL","@id":"https:\/\/sklep.expertmeble.com\/?product=sample-product-3#primaryimage","url":"https:\/\/sklep.expertmeble.com\/wp-content\/uploads\/2025\/03\/74457.png","contentUrl":"https:\/\/sklep.expertmeble.com\/wp-content\/uploads\/2025\/03\/74457.png","width":845,"height":842},{"@type":"BreadcrumbList","@id":"https:\/\/sklep.expertmeble.com\/?product=sample-product-3#breadcrumb","itemListElement":[{"@type":"ListItem","position":1,"name":"Strona g\u0142\u00f3wna","item":"https:\/\/sklep.expertmeble.com\/"},{"@type":"ListItem","position":2,"name":"Sklep","item":"https:\/\/sklep.expertmeble.com\/"},{"@type":"ListItem","position":3,"name":"Witryna Sample"}]},{"@type":"WebSite","@id":"https:\/\/sklep.expertmeble.com\/#website","url":"https:\/\/sklep.expertmeble.com\/","name":"Sklep Expert Meble - Meble Na Wymiar Szczecin","description":"Ekskluzywne meble i akcesoria - zam\u00f3w online z Expert Meble!","potentialAction":[{"@type":"SearchAction","target":{"@type":"EntryPoint","urlTemplate":"https:\/\/sklep.expertmeble.com\/?s={search_term_string}"},"query-input":{"@type":"PropertyValueSpecification","valueRequired":true,"valueName":"search_term_string"}}],"inLanguage":"pl-PL"}]}},"_links":{"self":[{"href":"https:\/\/sklep.expertmeble.com\/index.php?rest_route=\/wp\/v2\/product\/196","targetHints":{"allow":["GET"]}}],"collection":[{"href":"https:\/\/sklep.expertmeble.com\/index.php?rest_route=\/wp\/v2\/product"}],"about":[{"href":"https:\/\/sklep.expertmeble.com\/index.php?rest_route=\/wp\/v2\/types\/product"}],"wp:featuredmedia":[{"embeddable":true,"href":"https:\/\/sklep.expertmeble.com\/index.php?rest_route=\/wp\/v2\/media\/989"}],"wp:attachment":[{"href":"https:\/\/sklep.expertmeble.com\/index.php?rest_route=%2Fwp%2Fv2%2Fmedia&parent=196"}],"wp:term":[{"taxonomy":"product_brand","embeddable":true,"href":"https:\/\/sklep.expertmeble.com\/index.php?rest_route=%2Fwp%2Fv2%2Fproduct_brand&post=196"},{"taxonomy":"product_cat","embeddable":true,"href":"https:\/\/sklep.expertmeble.com\/index.php?rest_route=%2Fwp%2Fv2%2Fproduct_cat&post=196"},{"taxonomy":"product_tag","embeddable":true,"href":"https:\/\/sklep.expertmeble.com\/index.php?rest_route=%2Fwp%2Fv2%2Fproduct_tag&post=196"}],"curies":[{"name":"wp","href":"https:\/\/api.w.org\/{rel}","templated":true}]}}