{"id":947,"date":"2025-04-01T11:17:12","date_gmt":"2025-04-01T11:17:12","guid":{"rendered":"https:\/\/sklep.expertmeble.com\/?page_id=947"},"modified":"2025-04-01T11:18:10","modified_gmt":"2025-04-01T11:18:10","slug":"polityka-zwrotow","status":"publish","type":"page","link":"https:\/\/sklep.expertmeble.com\/?page_id=947","title":{"rendered":"Polityka Zwrot\u00f3w"},"content":{"rendered":"<h1>\n\t\tPolityka Zwrot\u00f3w\n\t<\/h1>\n\t<strong data-start=\"265\" data-end=\"287\">1. Prawo do zwrotu<\/strong>\n<ul data-start=\"290\" data-end=\"506\">\n<li data-start=\"290\" data-end=\"384\">\nKlient ma prawo zwr\u00f3ci\u0107 zakupiony produkt w ci\u0105gu <strong data-start=\"342\" data-end=\"352\">14 dni<\/strong> od dnia otrzymania przesy\u0142ki.\n<\/li>\n<li data-start=\"385\" data-end=\"506\">\nPrawo do zwrotu dotyczy wy\u0142\u0105cznie produkt\u00f3w zakupionych za po\u015brednictwem <a href=\"#\" rel=\"noopener\" data-start=\"460\" data-end=\"486\">sklep.expertmeble.com<\/a> (dalej: \u201eSklep&#8221;).\n<\/li>\n<\/ul>\n<strong data-start=\"508\" data-end=\"528\">2. Zakres zwrotu<\/strong>\n<ul data-start=\"531\" data-end=\"742\">\n<li data-start=\"531\" data-end=\"619\">\nZwrotowi podlegaj\u0105 produkty gotowe, niewykonane na indywidualny wymiar\/konfiguracj\u0119.\n<\/li>\n<li data-start=\"620\" data-end=\"742\">\nMeble wykonane pod konkretn\u0105 specyfikacj\u0119 klienta nie podlegaj\u0105 zwrotowi, o ile nie zosta\u0142o inaczej ustalone z Klientem.\n<\/li>\n<\/ul>\n<strong data-start=\"744\" data-end=\"765\">3. Warunki zwrotu<\/strong>\n<ul data-start=\"768\" data-end=\"1126\">\n<li data-start=\"768\" data-end=\"837\">\nZwracany produkt musi by\u0107 <strong data-start=\"796\" data-end=\"822\">bez \u015blad\u00f3w u\u017cytkowania<\/strong> i kompletny.\n<\/li>\n<li data-start=\"838\" data-end=\"952\">\nNie jest wymagane oryginalne opakowanie, jednak prosimy o staranne zabezpieczenie produktu na czas transportu.\n<\/li>\n<li data-start=\"953\" data-end=\"1126\">\nKlient odpowiada za zmniejszenie warto\u015bci produktu wynikaj\u0105ce z korzystania z niego w spos\u00f3b inny ni\u017c niezb\u0119dny do stwierdzenia charakteru, cech i funkcjonowania produktu.\n<\/li>\n<\/ul>\n<strong data-start=\"1128\" data-end=\"1148\">4. Koszty zwrotu<\/strong>\n<ul data-start=\"1151\" data-end=\"1325\">\n<li data-start=\"1151\" data-end=\"1199\">\nKoszty przesy\u0142ki zwrotnej ponosi <strong data-start=\"1186\" data-end=\"1196\">Klient<\/strong>.\n<\/li>\n<li data-start=\"1200\" data-end=\"1325\">\nW przypadku, gdy produkt dotrze do Klienta uszkodzony lub wadliwy, Sklep pokrywa koszty odbioru i naprawy\/wymiany produktu.\n<\/li>\n<\/ul>\n<strong data-start=\"1327\" data-end=\"1350\">5. Procedura zwrotu<\/strong>\n<ol data-start=\"1353\" data-end=\"1722\">\n<li data-start=\"1353\" data-end=\"1502\">\nKlient zg\u0142asza ch\u0119\u0107 zwrotu drog\u0105 <strong data-start=\"1389\" data-end=\"1400\">mailow\u0105<\/strong> lub <strong data-start=\"1405\" data-end=\"1421\">telefoniczn\u0105<\/strong> (dane kontaktowe dost\u0119pne w zak\u0142adce \u201eKontakt&#8221; na <a href=\"#\" rel=\"noopener\" data-start=\"1472\" data-end=\"1498\">sklep.expertmeble.com<\/a>).\n<\/li>\n<li data-start=\"1503\" data-end=\"1630\">\nPo otrzymaniu zg\u0142oszenia Sklep prze\u015ble informacje dotycz\u0105ce dalszych krok\u00f3w, w tym adres, na kt\u00f3ry nale\u017cy odes\u0142a\u0107 produkt.\n<\/li>\n<li data-start=\"1631\" data-end=\"1722\">\nKlient odsy\u0142a produkt w terminie pozwalaj\u0105cym na dotrzymanie 14-dniowego terminu zwrotu.\n<\/li>\n<\/ol>\n<strong data-start=\"1724\" data-end=\"1747\">6. Zwrot nale\u017cno\u015bci<\/strong>\n<ul data-start=\"1750\" data-end=\"2066\">\n<li data-start=\"1750\" data-end=\"1914\">\nZwrot \u015brodk\u00f3w nast\u0119puje w ci\u0105gu <strong data-start=\"1784\" data-end=\"1794\">14 dni<\/strong> od otrzymania przez Sklep zwracanego produktu lub potwierdzenia wysy\u0142ki (w zale\u017cno\u015bci od tego, co nast\u0105pi wcze\u015bniej).\n<\/li>\n<li data-start=\"1915\" data-end=\"2066\">\nKlient mo\u017ce wybra\u0107 jedn\u0105 z dw\u00f3ch form zwrotu pieni\u0119dzy: <strong data-start=\"1973\" data-end=\"1992\">przelew bankowy<\/strong> lub zwrot w formie <strong data-start=\"2012\" data-end=\"2023\">got\u00f3wki<\/strong> (ustalenia indywidualne z obs\u0142ug\u0105 Sklepu).\n<\/li>\n<\/ul>\n<strong data-start=\"2068\" data-end=\"2107\">7. Reklamacje i produkty uszkodzone<\/strong>\n<ul data-start=\"2110\" data-end=\"2447\">\n<li data-start=\"2110\" data-end=\"2247\">\nJe\u015bli otrzymany produkt jest uszkodzony, wadliwy lub niezgodny z zam\u00f3wieniem, prosimy o niezw\u0142oczny kontakt mailowy lub telefoniczny.\n<\/li>\n<li data-start=\"2248\" data-end=\"2365\">\nSklep podejmuje dzia\u0142ania w celu jak najszybszego rozwi\u0105zania problemu i pokrywa wszystkie zwi\u0105zane z tym koszty.\n<\/li>\n<li data-start=\"2366\" data-end=\"2447\">\nW razie konieczno\u015bci odes\u0142ania produktu, Sklep organizuje odbi\u00f3r na sw\u00f3j koszt.\n<\/li>\n<\/ul>\n<strong data-start=\"2449\" data-end=\"2463\">8. Kontakt<\/strong>\n<ul data-start=\"2466\" data-end=\"2589\">\n<li data-start=\"2466\" data-end=\"2589\">\nWszelkie pytania zwi\u0105zane ze zwrotem prosimy kierowa\u0107 na adres e-mail lub telefonicznie (szczeg\u00f3\u0142y w zak\u0142adce \u201eKontakt&#8221;).\n<\/li>\n<\/ul>","protected":false},"excerpt":{"rendered":"<p>Polityka Zwrot\u00f3w 1. Prawo do zwrotu Klient ma prawo zwr\u00f3ci\u0107 zakupiony produkt w ci\u0105gu 14 dni od dnia otrzymania przesy\u0142ki. Prawo do zwrotu dotyczy wy\u0142\u0105cznie produkt\u00f3w zakupionych za po\u015brednictwem sklep.expertmeble.com (dalej: \u201eSklep&#8221;). 2. Zakres zwrotu Zwrotowi podlegaj\u0105 produkty gotowe, niewykonane na indywidualny wymiar\/konfiguracj\u0119. Meble wykonane pod konkretn\u0105 specyfikacj\u0119 klienta nie podlegaj\u0105 zwrotowi, o ile nie&hellip;<\/p>\n","protected":false},"author":1,"featured_media":0,"parent":0,"menu_order":0,"comment_status":"closed","ping_status":"closed","template":"","meta":{"_glsr_average":0,"_glsr_ranking":0,"_glsr_reviews":0,"footnotes":""},"class_list":["post-947","page","type-page","status-publish","hentry"],"yoast_head":"<!-- This site is optimized with the Yoast SEO Premium plugin v24.1 (Yoast SEO v24.7) - https:\/\/yoast.com\/wordpress\/plugins\/seo\/ -->\n<title>Polityka Zwrot\u00f3w - Sklep Expert Meble - Meble Na Wymiar Szczecin<\/title>\n<meta name=\"description\" content=\"Poznaj zasady zwrotu naszych mebli na wymiar: 14-dniowe prawo, procedura, koszty i warunki przyj\u0119cia produktu bez ukrytych formalno\u015bci.\" \/>\n<meta name=\"robots\" content=\"index, follow, max-snippet:-1, max-image-preview:large, max-video-preview:-1\" \/>\n<link rel=\"canonical\" href=\"https:\/\/sklep.expertmeble.com\/?page_id=947\" \/>\n<meta property=\"og:locale\" content=\"pl_PL\" \/>\n<meta property=\"og:type\" content=\"article\" \/>\n<meta property=\"og:title\" content=\"Polityka Zwrot\u00f3w\" \/>\n<meta property=\"og:description\" content=\"Poznaj zasady zwrotu naszych mebli na wymiar: 14-dniowe prawo, procedura, koszty i warunki przyj\u0119cia produktu bez ukrytych formalno\u015bci.\" \/>\n<meta property=\"og:url\" content=\"https:\/\/sklep.expertmeble.com\/?page_id=947\" \/>\n<meta property=\"og:site_name\" content=\"Sklep Expert Meble - Meble Na Wymiar Szczecin\" \/>\n<meta property=\"article:modified_time\" content=\"2025-04-01T11:18:10+00:00\" \/>\n<meta name=\"twitter:card\" content=\"summary_large_image\" \/>\n<meta name=\"twitter:label1\" content=\"Szacowany czas czytania\" \/>\n\t<meta name=\"twitter:data1\" content=\"4 minuty\" \/>\n<script type=\"application\/ld+json\" class=\"yoast-schema-graph\">{\"@context\":\"https:\/\/schema.org\",\"@graph\":[{\"@type\":\"WebPage\",\"@id\":\"https:\/\/sklep.expertmeble.com\/?page_id=947\",\"url\":\"https:\/\/sklep.expertmeble.com\/?page_id=947\",\"name\":\"Polityka Zwrot\u00f3w - Sklep Expert Meble - Meble Na Wymiar Szczecin\",\"isPartOf\":{\"@id\":\"https:\/\/sklep.expertmeble.com\/#website\"},\"datePublished\":\"2025-04-01T11:17:12+00:00\",\"dateModified\":\"2025-04-01T11:18:10+00:00\",\"description\":\"Poznaj zasady zwrotu naszych mebli na wymiar: 14-dniowe prawo, procedura, koszty i warunki przyj\u0119cia produktu bez ukrytych formalno\u015bci.\",\"breadcrumb\":{\"@id\":\"https:\/\/sklep.expertmeble.com\/?page_id=947#breadcrumb\"},\"inLanguage\":\"pl-PL\",\"potentialAction\":[{\"@type\":\"ReadAction\",\"target\":[\"https:\/\/sklep.expertmeble.com\/?page_id=947\"]}]},{\"@type\":\"BreadcrumbList\",\"@id\":\"https:\/\/sklep.expertmeble.com\/?page_id=947#breadcrumb\",\"itemListElement\":[{\"@type\":\"ListItem\",\"position\":1,\"name\":\"Strona g\u0142\u00f3wna\",\"item\":\"https:\/\/sklep.expertmeble.com\/\"},{\"@type\":\"ListItem\",\"position\":2,\"name\":\"Polityka Zwrot\u00f3w\"}]},{\"@type\":\"WebSite\",\"@id\":\"https:\/\/sklep.expertmeble.com\/#website\",\"url\":\"https:\/\/sklep.expertmeble.com\/\",\"name\":\"Sklep Expert Meble - Meble Na Wymiar Szczecin\",\"description\":\"Ekskluzywne meble i akcesoria - zam\u00f3w online z Expert Meble!\",\"potentialAction\":[{\"@type\":\"SearchAction\",\"target\":{\"@type\":\"EntryPoint\",\"urlTemplate\":\"https:\/\/sklep.expertmeble.com\/?s={search_term_string}\"},\"query-input\":{\"@type\":\"PropertyValueSpecification\",\"valueRequired\":true,\"valueName\":\"search_term_string\"}}],\"inLanguage\":\"pl-PL\"}]}<\/script>\n<!-- \/ Yoast SEO Premium plugin. -->","yoast_head_json":{"title":"Polityka Zwrot\u00f3w - Sklep Expert Meble - Meble Na Wymiar Szczecin","description":"Poznaj zasady zwrotu naszych mebli na wymiar: 14-dniowe prawo, procedura, koszty i warunki przyj\u0119cia produktu bez ukrytych formalno\u015bci.","robots":{"index":"index","follow":"follow","max-snippet":"max-snippet:-1","max-image-preview":"max-image-preview:large","max-video-preview":"max-video-preview:-1"},"canonical":"https:\/\/sklep.expertmeble.com\/?page_id=947","og_locale":"pl_PL","og_type":"article","og_title":"Polityka Zwrot\u00f3w","og_description":"Poznaj zasady zwrotu naszych mebli na wymiar: 14-dniowe prawo, procedura, koszty i warunki przyj\u0119cia produktu bez ukrytych formalno\u015bci.","og_url":"https:\/\/sklep.expertmeble.com\/?page_id=947","og_site_name":"Sklep Expert Meble - Meble Na Wymiar Szczecin","article_modified_time":"2025-04-01T11:18:10+00:00","twitter_card":"summary_large_image","twitter_misc":{"Szacowany czas czytania":"4 minuty"},"schema":{"@context":"https:\/\/schema.org","@graph":[{"@type":"WebPage","@id":"https:\/\/sklep.expertmeble.com\/?page_id=947","url":"https:\/\/sklep.expertmeble.com\/?page_id=947","name":"Polityka Zwrot\u00f3w - Sklep Expert Meble - Meble Na Wymiar Szczecin","isPartOf":{"@id":"https:\/\/sklep.expertmeble.com\/#website"},"datePublished":"2025-04-01T11:17:12+00:00","dateModified":"2025-04-01T11:18:10+00:00","description":"Poznaj zasady zwrotu naszych mebli na wymiar: 14-dniowe prawo, procedura, koszty i warunki przyj\u0119cia produktu bez ukrytych formalno\u015bci.","breadcrumb":{"@id":"https:\/\/sklep.expertmeble.com\/?page_id=947#breadcrumb"},"inLanguage":"pl-PL","potentialAction":[{"@type":"ReadAction","target":["https:\/\/sklep.expertmeble.com\/?page_id=947"]}]},{"@type":"BreadcrumbList","@id":"https:\/\/sklep.expertmeble.com\/?page_id=947#breadcrumb","itemListElement":[{"@type":"ListItem","position":1,"name":"Strona g\u0142\u00f3wna","item":"https:\/\/sklep.expertmeble.com\/"},{"@type":"ListItem","position":2,"name":"Polityka Zwrot\u00f3w"}]},{"@type":"WebSite","@id":"https:\/\/sklep.expertmeble.com\/#website","url":"https:\/\/sklep.expertmeble.com\/","name":"Sklep Expert Meble - Meble Na Wymiar Szczecin","description":"Ekskluzywne meble i akcesoria - zam\u00f3w online z Expert Meble!","potentialAction":[{"@type":"SearchAction","target":{"@type":"EntryPoint","urlTemplate":"https:\/\/sklep.expertmeble.com\/?s={search_term_string}"},"query-input":{"@type":"PropertyValueSpecification","valueRequired":true,"valueName":"search_term_string"}}],"inLanguage":"pl-PL"}]}},"_links":{"self":[{"href":"https:\/\/sklep.expertmeble.com\/index.php?rest_route=\/wp\/v2\/pages\/947","targetHints":{"allow":["GET"]}}],"collection":[{"href":"https:\/\/sklep.expertmeble.com\/index.php?rest_route=\/wp\/v2\/pages"}],"about":[{"href":"https:\/\/sklep.expertmeble.com\/index.php?rest_route=\/wp\/v2\/types\/page"}],"author":[{"embeddable":true,"href":"https:\/\/sklep.expertmeble.com\/index.php?rest_route=\/wp\/v2\/users\/1"}],"replies":[{"embeddable":true,"href":"https:\/\/sklep.expertmeble.com\/index.php?rest_route=%2Fwp%2Fv2%2Fcomments&post=947"}],"version-history":[{"count":2,"href":"https:\/\/sklep.expertmeble.com\/index.php?rest_route=\/wp\/v2\/pages\/947\/revisions"}],"predecessor-version":[{"id":950,"href":"https:\/\/sklep.expertmeble.com\/index.php?rest_route=\/wp\/v2\/pages\/947\/revisions\/950"}],"wp:attachment":[{"href":"https:\/\/sklep.expertmeble.com\/index.php?rest_route=%2Fwp%2Fv2%2Fmedia&parent=947"}],"curies":[{"name":"wp","href":"https:\/\/api.w.org\/{rel}","templated":true}]}}